{"id":890,"date":"2023-03-03T13:50:34","date_gmt":"2023-03-03T13:50:34","guid":{"rendered":"https:\/\/polispecialisticosantanna.com\/?page_id=890"},"modified":"2023-03-03T13:54:14","modified_gmt":"2023-03-03T13:54:14","slug":"newsletter-aprile-1","status":"publish","type":"page","link":"https:\/\/polispecialisticosantanna.com\/index.php\/newsletter-aprile-1\/","title":{"rendered":"Newsletter Aprile 1"},"content":{"rendered":"\t\t<div data-elementor-type=\"wp-page\" data-elementor-id=\"890\" class=\"elementor elementor-890\" data-elementor-post-type=\"page\">\n\t\t\t\t\t\t<section class=\"elementor-section elementor-top-section elementor-element elementor-element-1f91a40 elementor-section-full_width elementor-section-stretched elementor-section-height-default elementor-section-height-default\" data-id=\"1f91a40\" data-element_type=\"section\" data-e-type=\"section\" data-settings=\"{&quot;background_background&quot;:&quot;classic&quot;,&quot;stretch_section&quot;:&quot;section-stretched&quot;}\">\n\t\t\t\t\t\t<div class=\"elementor-container elementor-column-gap-default\">\n\t\t\t\t\t<div class=\"elementor-column elementor-col-100 elementor-top-column elementor-element elementor-element-37eca38\" data-id=\"37eca38\" data-element_type=\"column\" data-e-type=\"column\">\n\t\t\t<div class=\"elementor-widget-wrap elementor-element-populated\">\n\t\t\t\t\t\t<div class=\"elementor-element elementor-element-47b40f4 elementor-widget elementor-widget-spacer\" data-id=\"47b40f4\" data-element_type=\"widget\" data-e-type=\"widget\" data-widget_type=\"spacer.default\">\n\t\t\t\t<div class=\"elementor-widget-container\">\n\t\t\t\t\t\t\t<div class=\"elementor-spacer\">\n\t\t\t<div class=\"elementor-spacer-inner\"><\/div>\n\t\t<\/div>\n\t\t\t\t\t\t<\/div>\n\t\t\t\t<\/div>\n\t\t\t\t\t<\/div>\n\t\t<\/div>\n\t\t\t\t\t<\/div>\n\t\t<\/section>\n\t\t\t\t<section class=\"elementor-section elementor-top-section elementor-element elementor-element-a590fda elementor-section-content-middle elementor-section-boxed elementor-section-height-default elementor-section-height-default\" data-id=\"a590fda\" data-element_type=\"section\" data-e-type=\"section\">\n\t\t\t\t\t\t<div class=\"elementor-container elementor-column-gap-no\">\n\t\t\t\t\t<div class=\"elementor-column elementor-col-50 elementor-top-column elementor-element elementor-element-4ef45ee3\" data-id=\"4ef45ee3\" data-element_type=\"column\" data-e-type=\"column\">\n\t\t\t<div class=\"elementor-widget-wrap elementor-element-populated\">\n\t\t\t\t\t\t<div class=\"elementor-element elementor-element-269afb04 elementor-widget elementor-widget-image\" data-id=\"269afb04\" data-element_type=\"widget\" data-e-type=\"widget\" data-widget_type=\"image.default\">\n\t\t\t\t<div class=\"elementor-widget-container\">\n\t\t\t\t\t\t\t\t\t\t\t\t\t\t\t<img fetchpriority=\"high\" decoding=\"async\" width=\"941\" height=\"789\" src=\"https:\/\/polispecialisticosantanna.com\/wp-content\/uploads\/2023\/03\/download.jpg\" class=\"attachment-full size-full wp-image-892\" alt=\"\" srcset=\"https:\/\/polispecialisticosantanna.com\/wp-content\/uploads\/2023\/03\/download.jpg 941w, https:\/\/polispecialisticosantanna.com\/wp-content\/uploads\/2023\/03\/download-300x252.jpg 300w, https:\/\/polispecialisticosantanna.com\/wp-content\/uploads\/2023\/03\/download-768x644.jpg 768w\" sizes=\"(max-width: 941px) 100vw, 941px\" \/>\t\t\t\t\t\t\t\t\t\t\t\t\t\t\t<\/div>\n\t\t\t\t<\/div>\n\t\t\t\t\t<\/div>\n\t\t<\/div>\n\t\t\t\t<div class=\"elementor-column elementor-col-50 elementor-top-column elementor-element elementor-element-2a564f67\" data-id=\"2a564f67\" data-element_type=\"column\" data-e-type=\"column\">\n\t\t\t<div class=\"elementor-widget-wrap elementor-element-populated\">\n\t\t\t\t\t\t<div class=\"elementor-element elementor-element-74fb961e elementor-widget elementor-widget-text-editor\" data-id=\"74fb961e\" data-element_type=\"widget\" data-e-type=\"widget\" data-widget_type=\"text-editor.default\">\n\t\t\t\t<div class=\"elementor-widget-container\">\n\t\t\t\t\t\t\t\t\t<p>Aprile: Rimettiamoci in forma!<\/p><p>Aprile \u00e8 il mese della nutrizione.<\/p><p>Il Polispecialistico Sant&#8217;Anna dedica particolare importanza al tema della nutrizione, il cui legame con la salute \u00e8 ormai sempre pi\u00f9 evidente. Per questo, il mese di aprile sar\u00e0 dedicato alla prevenzione alimentare, insieme alla Dott.ssa Chiara Santandrea..<\/p><p>\u00a0<\/p><p>\u00c8 sempre pi\u00f9 evidente lo stretto legame tra <strong>nutrizione<\/strong>, <strong>alimentazione<\/strong> e <strong>salute<\/strong>: un\u2019alimentazione salutare, associata ad uno stile di vita attivo, costituisce la base della prevenzione per contrastare gli effetti dell\u2019invecchiamento e l\u2019insorgere di molte patologie.<br \/><br \/><\/p><p>\u00a0<\/p>\t\t\t\t\t\t\t\t<\/div>\n\t\t\t\t<\/div>\n\t\t\t\t\t<\/div>\n\t\t<\/div>\n\t\t\t\t\t<\/div>\n\t\t<\/section>\n\t\t\t\t<section class=\"elementor-section elementor-top-section elementor-element elementor-element-1ca6534 elementor-section-content-middle elementor-section-boxed elementor-section-height-default elementor-section-height-default\" data-id=\"1ca6534\" data-element_type=\"section\" data-e-type=\"section\">\n\t\t\t\t\t\t<div class=\"elementor-container elementor-column-gap-no\">\n\t\t\t\t\t<div class=\"elementor-column elementor-col-100 elementor-top-column elementor-element elementor-element-1fa9aa4\" data-id=\"1fa9aa4\" data-element_type=\"column\" data-e-type=\"column\">\n\t\t\t<div class=\"elementor-widget-wrap elementor-element-populated\">\n\t\t\t\t\t\t<div class=\"elementor-element elementor-element-298392d elementor-widget elementor-widget-text-editor\" data-id=\"298392d\" data-element_type=\"widget\" data-e-type=\"widget\" data-widget_type=\"text-editor.default\">\n\t\t\t\t<div class=\"elementor-widget-container\">\n\t\t\t\t\t\t\t\t\t<p>Il binomio alimentazione e stile di vita sano, pu\u00f2 portare a grandi benefici sull\u2019efficienza del sistema immunitario e nella prevenzione di innumerevoli patologie, consentendo di raggiungere il benessere psicofisico.<br \/><br \/><\/p><p>Per maggiori info e per prenotare una visita con la Dott.ssa Santandrea<\/p>\t\t\t\t\t\t\t\t<\/div>\n\t\t\t\t<\/div>\n\t\t\t\t\t<\/div>\n\t\t<\/div>\n\t\t\t\t\t<\/div>\n\t\t<\/section>\n\t\t\t\t<section class=\"elementor-section elementor-top-section elementor-element elementor-element-c3bd278 elementor-section-boxed elementor-section-height-default elementor-section-height-default\" data-id=\"c3bd278\" data-element_type=\"section\" data-e-type=\"section\">\n\t\t\t\t\t\t<div class=\"elementor-container elementor-column-gap-default\">\n\t\t\t\t\t<div class=\"elementor-column elementor-col-100 elementor-top-column elementor-element elementor-element-bf6ed0b\" data-id=\"bf6ed0b\" data-element_type=\"column\" data-e-type=\"column\">\n\t\t\t<div class=\"elementor-widget-wrap elementor-element-populated\">\n\t\t\t\t\t\t<div class=\"elementor-element elementor-element-8078338 elementor-align-center elementor-widget elementor-widget-button\" data-id=\"8078338\" data-element_type=\"widget\" data-e-type=\"widget\" data-widget_type=\"button.default\">\n\t\t\t\t<div class=\"elementor-widget-container\">\n\t\t\t\t\t\t\t\t\t<div class=\"elementor-button-wrapper\">\n\t\t\t\t\t<a class=\"elementor-button elementor-button-link elementor-size-sm\" href=\"https:\/\/polispecialisticosantanna.com\/index.php\/dott-ssa-chiara-santandrea\/%20%20%20\">\n\t\t\t\t\t\t<span class=\"elementor-button-content-wrapper\">\n\t\t\t\t\t\t\t\t\t<span class=\"elementor-button-text\">CLICCA QUI<\/span>\n\t\t\t\t\t<\/span>\n\t\t\t\t\t<\/a>\n\t\t\t\t<\/div>\n\t\t\t\t\t\t\t\t<\/div>\n\t\t\t\t<\/div>\n\t\t\t\t\t<\/div>\n\t\t<\/div>\n\t\t\t\t\t<\/div>\n\t\t<\/section>\n\t\t\t\t<\/div>\n\t\t","protected":false},"excerpt":{"rendered":"<p>Aprile: Rimettiamoci in forma! Aprile \u00e8 il mese della nutrizione. Il Polispecialistico Sant&#8217;Anna dedica particolare importanza al tema della nutrizione, il cui legame con la salute \u00e8 ormai sempre pi\u00f9 evidente. Per questo, il mese di aprile sar\u00e0 dedicato alla prevenzione alimentare, insieme alla Dott.ssa Chiara Santandrea.. \u00a0 \u00c8 sempre pi\u00f9 evidente lo stretto legame [&hellip;]<\/p>\n","protected":false},"author":1,"featured_media":0,"parent":0,"menu_order":0,"comment_status":"closed","ping_status":"closed","template":"elementor_header_footer","meta":{"_monsterinsights_skip_tracking":false,"_monsterinsights_sitenote_active":false,"_monsterinsights_sitenote_note":"","_monsterinsights_sitenote_category":0,"footnotes":""},"class_list":["post-890","page","type-page","status-publish","hentry"],"_links":{"self":[{"href":"https:\/\/polispecialisticosantanna.com\/index.php\/wp-json\/wp\/v2\/pages\/890","targetHints":{"allow":["GET"]}}],"collection":[{"href":"https:\/\/polispecialisticosantanna.com\/index.php\/wp-json\/wp\/v2\/pages"}],"about":[{"href":"https:\/\/polispecialisticosantanna.com\/index.php\/wp-json\/wp\/v2\/types\/page"}],"author":[{"embeddable":true,"href":"https:\/\/polispecialisticosantanna.com\/index.php\/wp-json\/wp\/v2\/users\/1"}],"replies":[{"embeddable":true,"href":"https:\/\/polispecialisticosantanna.com\/index.php\/wp-json\/wp\/v2\/comments?post=890"}],"version-history":[{"count":4,"href":"https:\/\/polispecialisticosantanna.com\/index.php\/wp-json\/wp\/v2\/pages\/890\/revisions"}],"predecessor-version":[{"id":895,"href":"https:\/\/polispecialisticosantanna.com\/index.php\/wp-json\/wp\/v2\/pages\/890\/revisions\/895"}],"wp:attachment":[{"href":"https:\/\/polispecialisticosantanna.com\/index.php\/wp-json\/wp\/v2\/media?parent=890"}],"curies":[{"name":"wp","href":"https:\/\/api.w.org\/{rel}","templated":true}]}}