{"id":866,"date":"2023-02-06T09:33:58","date_gmt":"2023-02-06T09:33:58","guid":{"rendered":"https:\/\/polispecialisticosantanna.com\/?page_id=866"},"modified":"2023-02-07T11:52:51","modified_gmt":"2023-02-07T11:52:51","slug":"newsletter-marzo-2","status":"publish","type":"page","link":"https:\/\/polispecialisticosantanna.com\/index.php\/newsletter-marzo-2\/","title":{"rendered":"Newsletter Marzo 2"},"content":{"rendered":"\t\t<div data-elementor-type=\"wp-page\" data-elementor-id=\"866\" class=\"elementor elementor-866\" data-elementor-post-type=\"page\">\n\t\t\t\t\t\t<section class=\"elementor-section elementor-top-section elementor-element elementor-element-1f91a40 elementor-section-full_width elementor-section-stretched elementor-section-height-default elementor-section-height-default\" data-id=\"1f91a40\" data-element_type=\"section\" data-e-type=\"section\" data-settings=\"{&quot;background_background&quot;:&quot;classic&quot;,&quot;stretch_section&quot;:&quot;section-stretched&quot;}\">\n\t\t\t\t\t\t<div class=\"elementor-container elementor-column-gap-default\">\n\t\t\t\t\t<div class=\"elementor-column elementor-col-100 elementor-top-column elementor-element elementor-element-37eca38\" data-id=\"37eca38\" data-element_type=\"column\" data-e-type=\"column\">\n\t\t\t<div class=\"elementor-widget-wrap elementor-element-populated\">\n\t\t\t\t\t\t<div class=\"elementor-element elementor-element-47b40f4 elementor-widget elementor-widget-spacer\" data-id=\"47b40f4\" data-element_type=\"widget\" data-e-type=\"widget\" data-widget_type=\"spacer.default\">\n\t\t\t\t<div class=\"elementor-widget-container\">\n\t\t\t\t\t\t\t<div class=\"elementor-spacer\">\n\t\t\t<div class=\"elementor-spacer-inner\"><\/div>\n\t\t<\/div>\n\t\t\t\t\t\t<\/div>\n\t\t\t\t<\/div>\n\t\t\t\t\t<\/div>\n\t\t<\/div>\n\t\t\t\t\t<\/div>\n\t\t<\/section>\n\t\t\t\t<section class=\"elementor-section elementor-top-section elementor-element elementor-element-a590fda elementor-section-content-middle elementor-section-boxed elementor-section-height-default elementor-section-height-default\" data-id=\"a590fda\" data-element_type=\"section\" data-e-type=\"section\">\n\t\t\t\t\t\t<div class=\"elementor-container elementor-column-gap-no\">\n\t\t\t\t\t<div class=\"elementor-column elementor-col-50 elementor-top-column elementor-element elementor-element-4ef45ee3\" data-id=\"4ef45ee3\" data-element_type=\"column\" data-e-type=\"column\">\n\t\t\t<div class=\"elementor-widget-wrap elementor-element-populated\">\n\t\t\t\t\t\t<div class=\"elementor-element elementor-element-269afb04 elementor-widget elementor-widget-image\" data-id=\"269afb04\" data-element_type=\"widget\" data-e-type=\"widget\" data-widget_type=\"image.default\">\n\t\t\t\t<div class=\"elementor-widget-container\">\n\t\t\t\t\t\t\t\t\t\t\t\t\t\t\t<img fetchpriority=\"high\" decoding=\"async\" width=\"941\" height=\"789\" src=\"https:\/\/polispecialisticosantanna.com\/wp-content\/uploads\/2023\/02\/shutterstock_1395403226_941x789px_Fb.jpg\" class=\"attachment-full size-full wp-image-868\" alt=\"\" srcset=\"https:\/\/polispecialisticosantanna.com\/wp-content\/uploads\/2023\/02\/shutterstock_1395403226_941x789px_Fb.jpg 941w, https:\/\/polispecialisticosantanna.com\/wp-content\/uploads\/2023\/02\/shutterstock_1395403226_941x789px_Fb-300x252.jpg 300w, https:\/\/polispecialisticosantanna.com\/wp-content\/uploads\/2023\/02\/shutterstock_1395403226_941x789px_Fb-768x644.jpg 768w\" sizes=\"(max-width: 941px) 100vw, 941px\" \/>\t\t\t\t\t\t\t\t\t\t\t\t\t\t\t<\/div>\n\t\t\t\t<\/div>\n\t\t\t\t\t<\/div>\n\t\t<\/div>\n\t\t\t\t<div class=\"elementor-column elementor-col-50 elementor-top-column elementor-element elementor-element-2a564f67\" data-id=\"2a564f67\" data-element_type=\"column\" data-e-type=\"column\">\n\t\t\t<div class=\"elementor-widget-wrap elementor-element-populated\">\n\t\t\t\t\t\t<div class=\"elementor-element elementor-element-74fb961e elementor-widget elementor-widget-text-editor\" data-id=\"74fb961e\" data-element_type=\"widget\" data-e-type=\"widget\" data-widget_type=\"text-editor.default\">\n\t\t\t\t<div class=\"elementor-widget-container\">\n\t\t\t\t\t\t\t\t\t<p>Nutrizione e salute sulla Donna.<\/p>\n<p>Il Polispecialistico Sant\u2019Anna \u00e8 lieto di invitarvi ad un <strong>webinar di 4 puntate<\/strong> incentrato sulla nutrizione e la salute della donna.<\/p>\n<p>Numerosi studi scientifici hanno evidenziato come un\u2019alimentazione sana ed equilibrata sia fondamentale anche per la salute riproduttiva. Macro e micronutrienti hanno dunque un ruolo chiave nel sistema riproduttivo.<\/p>\n<p>Esiste infatti una relazione fra cibo e ormoni: ci\u00f2 che mangiamo ha un effetto sugli ormoni e gli ormoni agiscono sui sistemi metabolici. <strong>Si parla sempre della fertilit\u00e0 della donna in et\u00e0 adulta senza tener conto della sua cura nel tempo<\/strong>. Siamo oggi circondati da fattori modificabili ed immodificabili che si \u00e8 visto avere un impatto negativo sulla fertilit\u00e0, sin dalla pubert\u00e0.<\/p>\t\t\t\t\t\t\t\t<\/div>\n\t\t\t\t<\/div>\n\t\t\t\t\t<\/div>\n\t\t<\/div>\n\t\t\t\t\t<\/div>\n\t\t<\/section>\n\t\t\t\t<section class=\"elementor-section elementor-top-section elementor-element elementor-element-1ca6534 elementor-section-content-middle elementor-section-boxed elementor-section-height-default elementor-section-height-default\" data-id=\"1ca6534\" data-element_type=\"section\" data-e-type=\"section\">\n\t\t\t\t\t\t<div class=\"elementor-container elementor-column-gap-no\">\n\t\t\t\t\t<div class=\"elementor-column elementor-col-100 elementor-top-column elementor-element elementor-element-1fa9aa4\" data-id=\"1fa9aa4\" data-element_type=\"column\" data-e-type=\"column\">\n\t\t\t<div class=\"elementor-widget-wrap elementor-element-populated\">\n\t\t\t\t\t\t<div class=\"elementor-element elementor-element-298392d elementor-widget elementor-widget-text-editor\" data-id=\"298392d\" data-element_type=\"widget\" data-e-type=\"widget\" data-widget_type=\"text-editor.default\">\n\t\t\t\t<div class=\"elementor-widget-container\">\n\t\t\t\t\t\t\t\t\t<p>Durante questo webinar la Dott.ssa Di Candia Eleonora, <strong>Ostetrica<\/strong> <strong>specialista in rieducazione e riabilitazione Pelvi-Perineale<\/strong> e la Dott.ssa Santandrea Chiara, <strong>Dietista<\/strong>, daranno consigli alimentari e di stili di vita per prendersi cura della propria femminilit\u00e0.<\/p><p>\u00a0Il webinar sar\u00e0 strutturato in 4 serate:<\/p><ul><li><em>Et\u00e0 Fertile<\/em><\/li><li><em>La Gravidanza <\/em><\/li><li><em>L\u2019allattamento<\/em><\/li><li><em>La Menopausa<\/em><\/li><\/ul><p><strong>N.B Ogni serata \u00e8 svincolata l\u2019una dall\u2019altra. L\u2019utente al momento dell\u2019iscrizione deve comunicare a quale serata intende partecipare, vi \u00e8 anche la possibilit\u00e0 di partecipare a tutte<\/strong><\/p><p>Data: marzo 2023<\/p><p>Ora: 19:00 \u2013 21:00<\/p><p>Luogo: Via Roma 3, 21039 Ganna (VA)<\/p><p>Durata: ca. 120 minuti<\/p><p>Prezzo: 25\u20ac a serata<\/p><p>MODALITA\u2019 DI ISCRIZIONE<\/p><p><em>ll webinar \u00e8 rivolto ad un massimo di 8 partecipanti e saranno considerate valide solo le prenotazioni telefoniche.<\/em><\/p>\t\t\t\t\t\t\t\t<\/div>\n\t\t\t\t<\/div>\n\t\t\t\t\t<\/div>\n\t\t<\/div>\n\t\t\t\t\t<\/div>\n\t\t<\/section>\n\t\t\t\t<section class=\"elementor-section elementor-top-section elementor-element elementor-element-c3bd278 elementor-section-boxed elementor-section-height-default elementor-section-height-default\" data-id=\"c3bd278\" data-element_type=\"section\" data-e-type=\"section\">\n\t\t\t\t\t\t<div class=\"elementor-container elementor-column-gap-default\">\n\t\t\t\t\t<div class=\"elementor-column elementor-col-100 elementor-top-column elementor-element elementor-element-bf6ed0b\" data-id=\"bf6ed0b\" data-element_type=\"column\" data-e-type=\"column\">\n\t\t\t<div class=\"elementor-widget-wrap elementor-element-populated\">\n\t\t\t\t\t\t<div class=\"elementor-element elementor-element-8078338 elementor-align-center elementor-widget elementor-widget-button\" data-id=\"8078338\" data-element_type=\"widget\" data-e-type=\"widget\" data-widget_type=\"button.default\">\n\t\t\t\t<div class=\"elementor-widget-container\">\n\t\t\t\t\t\t\t\t\t<div class=\"elementor-button-wrapper\">\n\t\t\t\t\t<a class=\"elementor-button elementor-button-link elementor-size-sm\" href=\"tel:00390332318311\">\n\t\t\t\t\t\t<span class=\"elementor-button-content-wrapper\">\n\t\t\t\t\t\t\t\t\t<span class=\"elementor-button-text\">PRENOTA VIA TELEFONO<\/span>\n\t\t\t\t\t<\/span>\n\t\t\t\t\t<\/a>\n\t\t\t\t<\/div>\n\t\t\t\t\t\t\t\t<\/div>\n\t\t\t\t<\/div>\n\t\t\t\t\t<\/div>\n\t\t<\/div>\n\t\t\t\t\t<\/div>\n\t\t<\/section>\n\t\t\t\t<\/div>\n\t\t","protected":false},"excerpt":{"rendered":"<p>Nutrizione e salute sulla Donna. Il Polispecialistico Sant\u2019Anna \u00e8 lieto di invitarvi ad un webinar di 4 puntate incentrato sulla nutrizione e la salute della donna. Numerosi studi scientifici hanno evidenziato come un\u2019alimentazione sana ed equilibrata sia fondamentale anche per la salute riproduttiva. Macro e micronutrienti hanno dunque un ruolo chiave nel sistema riproduttivo. Esiste [&hellip;]<\/p>\n","protected":false},"author":1,"featured_media":0,"parent":0,"menu_order":0,"comment_status":"closed","ping_status":"closed","template":"elementor_header_footer","meta":{"_monsterinsights_skip_tracking":false,"_monsterinsights_sitenote_active":false,"_monsterinsights_sitenote_note":"","_monsterinsights_sitenote_category":0,"footnotes":""},"class_list":["post-866","page","type-page","status-publish","hentry"],"_links":{"self":[{"href":"https:\/\/polispecialisticosantanna.com\/index.php\/wp-json\/wp\/v2\/pages\/866","targetHints":{"allow":["GET"]}}],"collection":[{"href":"https:\/\/polispecialisticosantanna.com\/index.php\/wp-json\/wp\/v2\/pages"}],"about":[{"href":"https:\/\/polispecialisticosantanna.com\/index.php\/wp-json\/wp\/v2\/types\/page"}],"author":[{"embeddable":true,"href":"https:\/\/polispecialisticosantanna.com\/index.php\/wp-json\/wp\/v2\/users\/1"}],"replies":[{"embeddable":true,"href":"https:\/\/polispecialisticosantanna.com\/index.php\/wp-json\/wp\/v2\/comments?post=866"}],"version-history":[{"count":7,"href":"https:\/\/polispecialisticosantanna.com\/index.php\/wp-json\/wp\/v2\/pages\/866\/revisions"}],"predecessor-version":[{"id":878,"href":"https:\/\/polispecialisticosantanna.com\/index.php\/wp-json\/wp\/v2\/pages\/866\/revisions\/878"}],"wp:attachment":[{"href":"https:\/\/polispecialisticosantanna.com\/index.php\/wp-json\/wp\/v2\/media?parent=866"}],"curies":[{"name":"wp","href":"https:\/\/api.w.org\/{rel}","templated":true}]}}