{"id":3,"date":"2022-07-24T07:42:19","date_gmt":"2022-07-24T07:42:19","guid":{"rendered":"http:\/\/polispecialisticosantanna.com\/?page_id=3"},"modified":"2022-12-06T15:54:41","modified_gmt":"2022-12-06T15:54:41","slug":"privacy-policy","status":"publish","type":"page","link":"https:\/\/polispecialisticosantanna.com\/index.php\/privacy-policy\/","title":{"rendered":"Privacy Policy"},"content":{"rendered":"\t\t<div data-elementor-type=\"wp-page\" data-elementor-id=\"3\" class=\"elementor elementor-3\" data-elementor-post-type=\"page\">\n\t\t\t\t\t\t<section class=\"elementor-section elementor-top-section elementor-element elementor-element-7810d5c4 elementor-section-boxed elementor-section-height-default elementor-section-height-default\" data-id=\"7810d5c4\" data-element_type=\"section\" data-e-type=\"section\">\n\t\t\t\t\t\t<div class=\"elementor-container elementor-column-gap-default\">\n\t\t\t\t\t<div class=\"elementor-column elementor-col-100 elementor-top-column elementor-element elementor-element-205fe5cf\" data-id=\"205fe5cf\" data-element_type=\"column\" data-e-type=\"column\">\n\t\t\t<div class=\"elementor-widget-wrap elementor-element-populated\">\n\t\t\t\t\t\t<div class=\"elementor-element elementor-element-358a16e elementor-widget elementor-widget-text-editor\" data-id=\"358a16e\" data-element_type=\"widget\" data-e-type=\"widget\" data-widget_type=\"text-editor.default\">\n\t\t\t\t<div class=\"elementor-widget-container\">\n\t\t\t\t\t\t\t\t\t\n<h4 class=\"wp-block-heading\">PRIVACY POLICY AGGIORNATA AL 06 DICEMBRE 2022<\/h4>\n<p><strong>INFORMATIVA AL TRATTAMENTO DEI DATI PERSONALI DEGLI UTENTI CHE CONSULTANO IL SITO DEL CENTRO MEDICO POLISPECIALISTICO SANT\u2019ANNA<\/strong><\/p>\n<p><em>Ai sensi degli artt. 13 e 14 Reg. UE n. 2016\/679 e del D.lgs. 196\/03 aggiornato dal D. lgs. 101\/2018<\/em><\/p>\n<ol>\n<li><strong>PERCH\u00c8 QUESTE INFORMAZIONI <\/strong><\/li>\n<\/ol>\n<p><strong>\u00a0<\/strong><\/p>\n<p>Ai sensi del Regolamento UE 2016\/679, questa pagina descrive le modalit\u00e0 di trattamento dei dati personali degli utenti che consultano il sito web Polispecialistico Sant\u2019Anna per via telematica all\u2019indirizzo <a href=\"https:\/\/polispecialisticosantanna.com\/\">https:\/\/polispecialisticosantanna.com\/<\/a>.<\/p>\n<p>Le presenti informazioni non riguardano altri siti, pagine o servizi online raggiungibili tramite link ipertestuali eventualmente pubblicati all\u2019interno del sito ma riferiti a risorse esterne al dominio Polispecialistico.<\/p>\n<p>\u00a0<\/p>\n<ol start=\"2\">\n<li><strong>DATI DI CONTATTO<\/strong><\/li>\n<\/ol>\n<p>\u00a0<\/p>\n<p><strong>Titolare del trattamento dei dati personali<\/strong> \u00e8 CMN Srl con sede legale in Via Morazzone, 5 \u2013 21100 a Varese (VA), e-mail: <a href=\"mailto:direzione@polispecialisticosantanna.com\">direzione@polispecialisticosantanna.com<\/a>.<\/p>\n<p><strong>Responsabile della Protezione dei Dati personali<\/strong> \u00e8 la Dott.ssa Virginia G. Basiric\u00f2 con sede legale in Via Morazzone, 5 \u2013 21100 a Varese (VA), e-mail: <a href=\"mailto:dpo@polispecialisticosantanna.com\">dpo@polispecialisticosantanna.com<\/a><\/p>\n<p>\u00a0<\/p>\n<ol start=\"3\">\n<li><strong>TIPOLOGIA DEI DATI TRATTATI<\/strong><\/li>\n<\/ol>\n<p>\u00a0<\/p>\n<p><strong><u>Dati comunicati dall\u2019utente<\/u><\/strong><\/p>\n<p>\u00a0<\/p>\n<p>L\u2019invio facoltativo, esplicito e volontario di messaggi agli indirizzi di contatto della societ\u00e0, i messaggi privati inviati dagli utenti ai profili\/pagine della societ\u00e0 sui social media (laddove questa possibilit\u00e0 sia prevista), nonch\u00e9 la compilazione e l\u2019inoltro dei moduli di contatto presenti sul sito (Form Contattaci), comportano l\u2019acquisizione dei dati di contatto del mittente necessari a rispondere, nonch\u00e9 di tutti i dati personali essenziali per procedere alla prenotazione di una visita o di un servizio.<\/p>\n<p>\u00a0<\/p>\n<p><strong><u>Redirect verso siti esterni<\/u><\/strong><\/p>\n<p>\u00a0<\/p>\n<p>Il sito web del Polispecialistico Sant\u2019Anna pu\u00f2 utilizzare i c.d. social plug-in. I social plug-in sono speciali strumenti che permettono di incorporare le funzionalit\u00e0 del social network direttamente all\u2019interno del sito web (es. la funzione \u201cmi piace\u201d di Facebook). Tutti i social plug-in presenti nel sito sono contrassegnati dal rispettivo logo di propriet\u00e0 della piattaforma di social network (nel caso Facebook, Instagram, WhatsApp). Quando si visita una pagina del nostro sito e si interagisce con il plug-in o si decide di lasciare un commento, le corrispondenti informazioni vengono trasmesse al browser direttamente alla piattaforma di social network e da questo memorizzate.<\/p>\n<p>\u00a0<\/p>\n<p>Per informazioni sulle finalit\u00e0, il tipo e le modalit\u00e0 di raccolta, elaborazione, utilizzo e conservazione dei dati personali da parte della singola piattaforma di social network, nonch\u00e9 per le modalit\u00e0 attraverso cui esercitare i propri diritti, si invita a consultare la politica privacy adottata dal singolo social.<\/p>\n<p>\u00a0<\/p>\n<ol start=\"4\">\n<li><strong>FINALIT\u00c0 E BASE GIURIDICA DEL TRATTAMENTO<\/strong><\/li>\n<\/ol>\n<p>\u00a0<\/p>\n<p>I dati personali sono trattati senza il consenso espresso dell\u2019interessato ai sensi dell\u2019art. 6 c. 1 lett. b) del Regolamento UE 206\/679 secondo cui <em>\u201cIl trattamento \u00e8 necessario all\u2019esecuzione di un contratto di cui l\u2019interessato \u00e8 parte o all\u2019esecuzione di misure precontrattuali adottate su richiesta dello stesso\u201d<\/em> e dell\u2019art. 9 c. 2 lett. h) per il quale il trattamento di dati particolari \u00e8 consentito per finalit\u00e0 di medicina preventiva, diagnosi, assistenza.<\/p>\n<p>Nello specifico per:<\/p>\n<ol>\n<li>Permettere agli utenti di contattare direttamente il Polispecialistico e ottenere informazioni relativamente ai servizi offerti;<\/li>\n<li>Permettere agli utenti di prenotare direttamente visite o servizi da effettuarsi presso il Polispecialistico<\/li>\n<\/ol>\n<p>\u00a0<\/p>\n<p>Inoltre, il trattamento \u00e8 necessario ai sensi dell\u2019art. 6 c. 1 lett. f) per <em>\u201cil perseguimento del legittimo interesse del Titolare del Trattamento\u201d <\/em>allo scopo di:<\/p>\n<ol>\n<li>Assicurare le corrette funzionalit\u00e0 del Sito,<\/li>\n<li>Consentire l\u2019accesso agli account social del Polispecialistico tramite redirect dal Sito Istituzionale.<\/li>\n<\/ol>\n<p>\u00a0<\/p>\n<ol start=\"5\">\n<li><strong>TEMPI DI CUSTODIA DEI DATI<\/strong><\/li>\n<\/ol>\n<p><strong>\u00a0<\/strong><\/p>\n<p>I dati forniti dall\u2019utente saranno trattati per il tempo necessario a adempiere alle finalit\u00e0 sopra indicate.<\/p>\n<p>\u00a0<\/p>\n<p>Per quanto attiene ai dati di contatto acquisisti per mezzo del <em>Form di Contatto<\/em> saranno oggetto di trattamento per il tempo strettamente necessario a soddisfare le richieste avanzate dagli interessati.<\/p>\n<p>Qualora l\u2019interessato stesso ritenga, per qualsiasi motivo, esaurito lo scopo del trattamento, dovr\u00e0 darne comunicazione scritta al Polispecialistico, che proceder\u00e0 all\u2019immediata cancellazione delle informazioni, se la richiesta non si presenti contrastante con la normativa di legge.<\/p>\n<p>\u00a0<\/p>\n<ol start=\"6\">\n<li><strong>FONTI<\/strong><\/li>\n<\/ol>\n<p>\u00a0<\/p>\n<p>I dati oggetto del Trattamento possono essere acquisiti tramite il Sito istituzionale del Polispecialistico.<\/p>\n<p>\u00a0<\/p>\n<ol start=\"7\">\n<li><strong>DESTINATARI<\/strong><\/li>\n<\/ol>\n<p>\u00a0<\/p>\n<p>I dati personali degli utenti non saranno \u201cdiffusi\u201d, cio\u00e8 non saranno messi a conoscenza di soggetti indeterminati; invece, tali dati saranno \u201ccomunicati\u201d cio\u00e8 saranno messi a conoscenza di uno o pi\u00f9 soggetti determinati, come di seguito esplicato. Nello specifico, potranno essere resi accessibili:<\/p>\n<p>\u00a0<\/p>\n<ul>\n<li>a dipendenti e collaboratori autorizzati dal Titolare per la gestione dei servizi di prenotazione via web;<\/li>\n<li>a societ\u00e0 terze quali: societ\u00e0 a cui \u00e8 affidato il servizio di gestione dei canali social, societ\u00e0 informatiche che si occupano di gestione e manutenzione del sistema IT, nella loro qualit\u00e0 di Responsabili esterni del trattamento;<\/li>\n<li>a societ\u00e0 proprietarie delle piattaforme social alle cui condizioni di utilizzo l\u2019utente visitatore ha aderito in precedenza tale adesione \u00e8 conditio sin qua non per cui l\u2019utente pu\u00f2 eventualmente interagire con le pagine social del Polispecialistico.<\/li>\n<\/ul>\n<p>\u00a0<\/p>\n<ol start=\"8\">\n<li><strong>TRASFERIMENTO DI DATI PERSONALI VERSO PAESI TERZI<\/strong><\/li>\n<\/ol>\n<p>\u00a0<\/p>\n<p>La gestione e la conservazione dei dati personali avverranno su server ubicati all\u2019interno dell\u2019Unione Europea del Titolare e\/o di societ\u00e0 terze incaricate e debitamente nominate quali Responsabili del Trattamento. I dati non saranno oggetto di trasferimento al di fuori dell\u2019Unione Europea. Resta in ogni caso inteso che il Titolare, ove si rendesse necessario, avr\u00e0 facolt\u00e0 di spostare l\u2019ubicazione dei server in Italia e\/o Unione Europea e\/o Paesi extra-UE. In tal caso, il Titolare assicura sin d\u2019ora che il trasferimento dei dati extra-UE avverr\u00e0 in conformit\u00e0 alle disposizioni di legge applicabili stipulando, se necessario, accordi che garantiscano un livello di protezione adeguato e\/o adottando le clausole contrattuali standard previste dalla Commissione Europea.<\/p>\n<p>\u00a0<\/p>\n<p>\u00a0<\/p>\n<ol start=\"9\">\n<li><strong>NATURA OBBLIGATORIA O FACOLTATIVA DEL TRATTAMENTO <\/strong><\/li>\n<\/ol>\n<p>\u00a0<\/p>\n<p>Il conferimento dei dati \u00e8 necessario ai fini del perseguimento delle finalit\u00e0 indicate al p.to 4 della presente informativa. Pertanto, l\u2019eventuale rifiuto di comunicare i dati richiesti o la comunicazione errata di una delle informazioni necessarie al momento della raccolta ha come conseguenza emergente l\u2019oggettiva impossibilit\u00e0 di comunicare con il Polispecialistico tramite i Form stabiliti.<\/p>\n<p>\u00a0<\/p>\n<ol start=\"10\">\n<li><strong>DIRITTI DELL\u2019INTERESSATO<\/strong><\/li>\n<\/ol>\n<p>\u00a0<\/p>\n<p>Nei limiti della Normativa Applicabile, l\u2019interessato ha il diritto di chiedere al Polispecialistico, in qualunque momento l\u2019accesso ai propri dati personali, la rettifica o la cancellazione degli stessi o di opporsi al loro trattamento, la limitazione del trattamento nonch\u00e9 di ottenere in un formato strutturato, di uso comune e leggibile da dispositivo automatico i dati che lo riguardano (artt. 15 e ss. Regolamento UE 216\/679). Alla richiesta dell\u2019interessato di esercizio dei propri diritti verr\u00e0 dato riscontro entro 30 giorni, con eventuale possibilit\u00e0 di proroga di altri 30 giorni, ai sensi di legge. Nel caso in cui il trattamento avvenga in violazione del citato Regolamento e delle disposizioni nazionali collegate, l\u2019interessato ha diritto, inoltre, di proporre reclamo al Garante o di adire le opportune sedi giudiziarie.<\/p>\n<p>Per esercitare i propri diritti l\u2019interessato pu\u00f2 rivolgersi ai contatti indicati al pt.o 2 della presente Informativa.<\/p>\n<p>\u00a0<\/p>\n\t\t\t\t\t\t\t\t<\/div>\n\t\t\t\t<\/div>\n\t\t\t\t\t<\/div>\n\t\t<\/div>\n\t\t\t\t\t<\/div>\n\t\t<\/section>\n\t\t\t\t<section class=\"elementor-section elementor-top-section elementor-element elementor-element-5387a3c elementor-section-boxed elementor-section-height-default elementor-section-height-default\" data-id=\"5387a3c\" data-element_type=\"section\" data-e-type=\"section\">\n\t\t\t\t\t\t<div class=\"elementor-container elementor-column-gap-default\">\n\t\t\t\t\t<div class=\"elementor-column elementor-col-100 elementor-top-column elementor-element elementor-element-9c2b8ea\" data-id=\"9c2b8ea\" data-element_type=\"column\" data-e-type=\"column\">\n\t\t\t<div class=\"elementor-widget-wrap elementor-element-populated\">\n\t\t\t\t\t\t<div class=\"elementor-element elementor-element-99e3aac elementor-widget elementor-widget-button\" data-id=\"99e3aac\" data-element_type=\"widget\" data-e-type=\"widget\" data-widget_type=\"button.default\">\n\t\t\t\t<div class=\"elementor-widget-container\">\n\t\t\t\t\t\t\t\t\t<div class=\"elementor-button-wrapper\">\n\t\t\t\t\t<a class=\"elementor-button elementor-button-link elementor-size-sm\" href=\"http:\/\/polispecialisticosantanna.com\/wp-content\/uploads\/2022\/12\/Privacy-policy-sito-.pdf\">\n\t\t\t\t\t\t<span class=\"elementor-button-content-wrapper\">\n\t\t\t\t\t\t\t\t\t<span class=\"elementor-button-text\">SCARICA L'INFORMATIVA IN PDF<\/span>\n\t\t\t\t\t<\/span>\n\t\t\t\t\t<\/a>\n\t\t\t\t<\/div>\n\t\t\t\t\t\t\t\t<\/div>\n\t\t\t\t<\/div>\n\t\t\t\t\t<\/div>\n\t\t<\/div>\n\t\t\t\t\t<\/div>\n\t\t<\/section>\n\t\t\t\t<\/div>\n\t\t","protected":false},"excerpt":{"rendered":"<p>PRIVACY POLICY AGGIORNATA AL 06 DICEMBRE 2022 INFORMATIVA AL TRATTAMENTO DEI DATI PERSONALI DEGLI UTENTI CHE CONSULTANO IL SITO DEL CENTRO MEDICO POLISPECIALISTICO SANT\u2019ANNA Ai sensi degli artt. 13 e 14 Reg. UE n. 2016\/679 e del D.lgs. 196\/03 aggiornato dal D. lgs. 101\/2018 PERCH\u00c8 QUESTE INFORMAZIONI \u00a0 Ai sensi del Regolamento UE 2016\/679, questa [&hellip;]<\/p>\n","protected":false},"author":1,"featured_media":0,"parent":0,"menu_order":0,"comment_status":"closed","ping_status":"open","template":"elementor_header_footer","meta":{"_monsterinsights_skip_tracking":false,"_monsterinsights_sitenote_active":false,"_monsterinsights_sitenote_note":"","_monsterinsights_sitenote_category":0,"footnotes":""},"class_list":["post-3","page","type-page","status-publish","hentry"],"_links":{"self":[{"href":"https:\/\/polispecialisticosantanna.com\/index.php\/wp-json\/wp\/v2\/pages\/3","targetHints":{"allow":["GET"]}}],"collection":[{"href":"https:\/\/polispecialisticosantanna.com\/index.php\/wp-json\/wp\/v2\/pages"}],"about":[{"href":"https:\/\/polispecialisticosantanna.com\/index.php\/wp-json\/wp\/v2\/types\/page"}],"author":[{"embeddable":true,"href":"https:\/\/polispecialisticosantanna.com\/index.php\/wp-json\/wp\/v2\/users\/1"}],"replies":[{"embeddable":true,"href":"https:\/\/polispecialisticosantanna.com\/index.php\/wp-json\/wp\/v2\/comments?post=3"}],"version-history":[{"count":10,"href":"https:\/\/polispecialisticosantanna.com\/index.php\/wp-json\/wp\/v2\/pages\/3\/revisions"}],"predecessor-version":[{"id":512,"href":"https:\/\/polispecialisticosantanna.com\/index.php\/wp-json\/wp\/v2\/pages\/3\/revisions\/512"}],"wp:attachment":[{"href":"https:\/\/polispecialisticosantanna.com\/index.php\/wp-json\/wp\/v2\/media?parent=3"}],"curies":[{"name":"wp","href":"https:\/\/api.w.org\/{rel}","templated":true}]}}