{"id":1151,"date":"2023-09-04T08:22:27","date_gmt":"2023-09-04T08:22:27","guid":{"rendered":"https:\/\/polispecialisticosantanna.com\/?page_id=1151"},"modified":"2023-09-04T09:19:49","modified_gmt":"2023-09-04T09:19:49","slug":"newsletter-settembre-3","status":"publish","type":"page","link":"https:\/\/polispecialisticosantanna.com\/index.php\/newsletter-settembre-3\/","title":{"rendered":"Newsletter Settembre 3"},"content":{"rendered":"\t\t<div data-elementor-type=\"wp-page\" data-elementor-id=\"1151\" class=\"elementor elementor-1151\" data-elementor-post-type=\"page\">\n\t\t\t\t\t\t<section class=\"elementor-section elementor-top-section elementor-element elementor-element-1f91a40 elementor-section-full_width elementor-section-stretched elementor-section-height-default elementor-section-height-default\" data-id=\"1f91a40\" data-element_type=\"section\" data-e-type=\"section\" data-settings=\"{&quot;background_background&quot;:&quot;classic&quot;,&quot;stretch_section&quot;:&quot;section-stretched&quot;}\">\n\t\t\t\t\t\t<div class=\"elementor-container elementor-column-gap-default\">\n\t\t\t\t\t<div class=\"elementor-column elementor-col-100 elementor-top-column elementor-element elementor-element-37eca38\" data-id=\"37eca38\" data-element_type=\"column\" data-e-type=\"column\">\n\t\t\t<div class=\"elementor-widget-wrap elementor-element-populated\">\n\t\t\t\t\t\t<div class=\"elementor-element elementor-element-47b40f4 elementor-widget elementor-widget-spacer\" data-id=\"47b40f4\" data-element_type=\"widget\" data-e-type=\"widget\" data-widget_type=\"spacer.default\">\n\t\t\t\t<div class=\"elementor-widget-container\">\n\t\t\t\t\t\t\t<div class=\"elementor-spacer\">\n\t\t\t<div class=\"elementor-spacer-inner\"><\/div>\n\t\t<\/div>\n\t\t\t\t\t\t<\/div>\n\t\t\t\t<\/div>\n\t\t\t\t\t<\/div>\n\t\t<\/div>\n\t\t\t\t\t<\/div>\n\t\t<\/section>\n\t\t\t\t<section class=\"elementor-section elementor-top-section elementor-element elementor-element-a590fda elementor-section-content-middle elementor-section-boxed elementor-section-height-default elementor-section-height-default\" data-id=\"a590fda\" data-element_type=\"section\" data-e-type=\"section\">\n\t\t\t\t\t\t<div class=\"elementor-container elementor-column-gap-no\">\n\t\t\t\t\t<div class=\"elementor-column elementor-col-50 elementor-top-column elementor-element elementor-element-4ef45ee3\" data-id=\"4ef45ee3\" data-element_type=\"column\" data-e-type=\"column\">\n\t\t\t<div class=\"elementor-widget-wrap elementor-element-populated\">\n\t\t\t\t\t\t<div class=\"elementor-element elementor-element-3b090ac elementor-widget elementor-widget-image\" data-id=\"3b090ac\" data-element_type=\"widget\" data-e-type=\"widget\" data-widget_type=\"image.default\">\n\t\t\t\t<div class=\"elementor-widget-container\">\n\t\t\t\t\t\t\t\t\t\t\t\t\t\t\t<img fetchpriority=\"high\" decoding=\"async\" width=\"800\" height=\"800\" src=\"https:\/\/polispecialisticosantanna.com\/wp-content\/uploads\/2023\/09\/Mental-Health-Psychology-Therapy-Online-Consultation-Post-Instagram-Quadrato-1024x1024.png\" class=\"attachment-large size-large wp-image-1153\" alt=\"\" srcset=\"https:\/\/polispecialisticosantanna.com\/wp-content\/uploads\/2023\/09\/Mental-Health-Psychology-Therapy-Online-Consultation-Post-Instagram-Quadrato-1024x1024.png 1024w, https:\/\/polispecialisticosantanna.com\/wp-content\/uploads\/2023\/09\/Mental-Health-Psychology-Therapy-Online-Consultation-Post-Instagram-Quadrato-300x300.png 300w, https:\/\/polispecialisticosantanna.com\/wp-content\/uploads\/2023\/09\/Mental-Health-Psychology-Therapy-Online-Consultation-Post-Instagram-Quadrato-150x150.png 150w, https:\/\/polispecialisticosantanna.com\/wp-content\/uploads\/2023\/09\/Mental-Health-Psychology-Therapy-Online-Consultation-Post-Instagram-Quadrato-768x768.png 768w, https:\/\/polispecialisticosantanna.com\/wp-content\/uploads\/2023\/09\/Mental-Health-Psychology-Therapy-Online-Consultation-Post-Instagram-Quadrato.png 1080w\" sizes=\"(max-width: 800px) 100vw, 800px\" \/>\t\t\t\t\t\t\t\t\t\t\t\t\t\t\t<\/div>\n\t\t\t\t<\/div>\n\t\t\t\t\t<\/div>\n\t\t<\/div>\n\t\t\t\t<div class=\"elementor-column elementor-col-50 elementor-top-column elementor-element elementor-element-2a564f67\" data-id=\"2a564f67\" data-element_type=\"column\" data-e-type=\"column\">\n\t\t\t<div class=\"elementor-widget-wrap elementor-element-populated\">\n\t\t\t\t\t\t<div class=\"elementor-element elementor-element-8e9e50e elementor-widget elementor-widget-heading\" data-id=\"8e9e50e\" data-element_type=\"widget\" data-e-type=\"widget\" data-widget_type=\"heading.default\">\n\t\t\t\t<div class=\"elementor-widget-container\">\n\t\t\t\t\t<h2 class=\"elementor-heading-title elementor-size-default\"><span style=\", helvetica, arial, sans-serif;font-size: 24px;font-weight: 400\">Come aiutare il tuo bambino a superare il rientro a scuola&nbsp;\ud83c\udf92\ud83d\ude8c<\/span><\/h2>\t\t\t\t<\/div>\n\t\t\t\t<\/div>\n\t\t\t\t<div class=\"elementor-element elementor-element-74fb961e elementor-widget elementor-widget-text-editor\" data-id=\"74fb961e\" data-element_type=\"widget\" data-e-type=\"widget\" data-widget_type=\"text-editor.default\">\n\t\t\t\t<div class=\"elementor-widget-container\">\n\t\t\t\t\t\t\t\t\t<div dir=\"ltr\"><div><span class=\"size\"><span class=\"font\">Caro genitore,<br \/>Il rientro a scuola pu\u00f2 essere particolarmente difficile per i bambini che mostrano difficolt\u00e0 nel distaccarsi dalle figure di riferimento.<br \/>Questo periodo di transizione pu\u00f2 essere affrontato con attenzione e gentilezza per aiutare il tuo bambino a sentirsi pi\u00f9 sicuro e a superare le difficolt\u00e0.\u00a0<br \/><br \/>Presso il nostro centro \u00e8 possibile prenotare una visita con la Dott.ssa Grilanda, Psicologa dell\u2019et\u00e0 evolutiva, che sapr\u00e0 darti il giusto supporto per aiutarti a facilitare il tuo bambino nell&#8217;ingresso a scuola e alla sua nuova\u00a0quotidianit\u00e0.<br \/>\u00a0<br \/>Per info e prenotazione non esitare a contattarci..<\/span><\/span><\/div><\/div>\t\t\t\t\t\t\t\t<\/div>\n\t\t\t\t<\/div>\n\t\t\t\t\t<\/div>\n\t\t<\/div>\n\t\t\t\t\t<\/div>\n\t\t<\/section>\n\t\t\t\t<\/div>\n\t\t","protected":false},"excerpt":{"rendered":"<p>Come aiutare il tuo bambino a superare il rientro a scuola&nbsp;\ud83c\udf92\ud83d\ude8c Caro genitore,Il rientro a scuola pu\u00f2 essere particolarmente difficile per i bambini che mostrano difficolt\u00e0 nel distaccarsi dalle figure di riferimento.Questo periodo di transizione pu\u00f2 essere affrontato con attenzione e gentilezza per aiutare il tuo bambino a sentirsi pi\u00f9 sicuro e a superare le [&hellip;]<\/p>\n","protected":false},"author":1,"featured_media":0,"parent":0,"menu_order":0,"comment_status":"closed","ping_status":"closed","template":"elementor_header_footer","meta":{"_monsterinsights_skip_tracking":false,"_monsterinsights_sitenote_active":false,"_monsterinsights_sitenote_note":"","_monsterinsights_sitenote_category":0,"footnotes":""},"class_list":["post-1151","page","type-page","status-publish","hentry"],"_links":{"self":[{"href":"https:\/\/polispecialisticosantanna.com\/index.php\/wp-json\/wp\/v2\/pages\/1151","targetHints":{"allow":["GET"]}}],"collection":[{"href":"https:\/\/polispecialisticosantanna.com\/index.php\/wp-json\/wp\/v2\/pages"}],"about":[{"href":"https:\/\/polispecialisticosantanna.com\/index.php\/wp-json\/wp\/v2\/types\/page"}],"author":[{"embeddable":true,"href":"https:\/\/polispecialisticosantanna.com\/index.php\/wp-json\/wp\/v2\/users\/1"}],"replies":[{"embeddable":true,"href":"https:\/\/polispecialisticosantanna.com\/index.php\/wp-json\/wp\/v2\/comments?post=1151"}],"version-history":[{"count":4,"href":"https:\/\/polispecialisticosantanna.com\/index.php\/wp-json\/wp\/v2\/pages\/1151\/revisions"}],"predecessor-version":[{"id":1156,"href":"https:\/\/polispecialisticosantanna.com\/index.php\/wp-json\/wp\/v2\/pages\/1151\/revisions\/1156"}],"wp:attachment":[{"href":"https:\/\/polispecialisticosantanna.com\/index.php\/wp-json\/wp\/v2\/media?parent=1151"}],"curies":[{"name":"wp","href":"https:\/\/api.w.org\/{rel}","templated":true}]}}