{"id":1072,"date":"2023-06-09T15:19:23","date_gmt":"2023-06-09T15:19:23","guid":{"rendered":"https:\/\/polispecialisticosantanna.com\/?page_id=1072"},"modified":"2023-06-09T15:36:03","modified_gmt":"2023-06-09T15:36:03","slug":"newsletter-giugno-3","status":"publish","type":"page","link":"https:\/\/polispecialisticosantanna.com\/index.php\/newsletter-giugno-3\/","title":{"rendered":"Newsletter Giugno 3"},"content":{"rendered":"\t\t<div data-elementor-type=\"wp-page\" data-elementor-id=\"1072\" class=\"elementor elementor-1072\" data-elementor-post-type=\"page\">\n\t\t\t\t\t\t<section class=\"elementor-section elementor-top-section elementor-element elementor-element-1f91a40 elementor-section-full_width elementor-section-stretched elementor-section-height-default elementor-section-height-default\" data-id=\"1f91a40\" data-element_type=\"section\" data-e-type=\"section\" data-settings=\"{&quot;background_background&quot;:&quot;classic&quot;,&quot;stretch_section&quot;:&quot;section-stretched&quot;}\">\n\t\t\t\t\t\t<div class=\"elementor-container elementor-column-gap-default\">\n\t\t\t\t\t<div class=\"elementor-column elementor-col-100 elementor-top-column elementor-element elementor-element-37eca38\" data-id=\"37eca38\" data-element_type=\"column\" data-e-type=\"column\">\n\t\t\t<div class=\"elementor-widget-wrap elementor-element-populated\">\n\t\t\t\t\t\t<div class=\"elementor-element elementor-element-47b40f4 elementor-widget elementor-widget-spacer\" data-id=\"47b40f4\" data-element_type=\"widget\" data-e-type=\"widget\" data-widget_type=\"spacer.default\">\n\t\t\t\t<div class=\"elementor-widget-container\">\n\t\t\t\t\t\t\t<div class=\"elementor-spacer\">\n\t\t\t<div class=\"elementor-spacer-inner\"><\/div>\n\t\t<\/div>\n\t\t\t\t\t\t<\/div>\n\t\t\t\t<\/div>\n\t\t\t\t\t<\/div>\n\t\t<\/div>\n\t\t\t\t\t<\/div>\n\t\t<\/section>\n\t\t\t\t<section class=\"elementor-section elementor-top-section elementor-element elementor-element-a590fda elementor-section-content-middle elementor-section-boxed elementor-section-height-default elementor-section-height-default\" data-id=\"a590fda\" data-element_type=\"section\" data-e-type=\"section\">\n\t\t\t\t\t\t<div class=\"elementor-container elementor-column-gap-no\">\n\t\t\t\t\t<div class=\"elementor-column elementor-col-50 elementor-top-column elementor-element elementor-element-4ef45ee3\" data-id=\"4ef45ee3\" data-element_type=\"column\" data-e-type=\"column\">\n\t\t\t<div class=\"elementor-widget-wrap elementor-element-populated\">\n\t\t\t\t\t\t<div class=\"elementor-element elementor-element-269afb04 elementor-widget elementor-widget-image\" data-id=\"269afb04\" data-element_type=\"widget\" data-e-type=\"widget\" data-widget_type=\"image.default\">\n\t\t\t\t<div class=\"elementor-widget-container\">\n\t\t\t\t\t\t\t\t\t\t\t\t\t\t\t<img fetchpriority=\"high\" decoding=\"async\" width=\"1080\" height=\"1080\" src=\"https:\/\/polispecialisticosantanna.com\/wp-content\/uploads\/2023\/06\/IMMAGINE-PEDIATRIA-CHIRURGICA.png\" class=\"attachment-full size-full wp-image-1060\" alt=\"\" srcset=\"https:\/\/polispecialisticosantanna.com\/wp-content\/uploads\/2023\/06\/IMMAGINE-PEDIATRIA-CHIRURGICA.png 1080w, https:\/\/polispecialisticosantanna.com\/wp-content\/uploads\/2023\/06\/IMMAGINE-PEDIATRIA-CHIRURGICA-300x300.png 300w, https:\/\/polispecialisticosantanna.com\/wp-content\/uploads\/2023\/06\/IMMAGINE-PEDIATRIA-CHIRURGICA-1024x1024.png 1024w, https:\/\/polispecialisticosantanna.com\/wp-content\/uploads\/2023\/06\/IMMAGINE-PEDIATRIA-CHIRURGICA-150x150.png 150w, https:\/\/polispecialisticosantanna.com\/wp-content\/uploads\/2023\/06\/IMMAGINE-PEDIATRIA-CHIRURGICA-768x768.png 768w\" sizes=\"(max-width: 1080px) 100vw, 1080px\" \/>\t\t\t\t\t\t\t\t\t\t\t\t\t\t\t<\/div>\n\t\t\t\t<\/div>\n\t\t\t\t\t<\/div>\n\t\t<\/div>\n\t\t\t\t<div class=\"elementor-column elementor-col-50 elementor-top-column elementor-element elementor-element-2a564f67\" data-id=\"2a564f67\" data-element_type=\"column\" data-e-type=\"column\">\n\t\t\t<div class=\"elementor-widget-wrap elementor-element-populated\">\n\t\t\t\t\t\t<div class=\"elementor-element elementor-element-c5f5aa3 elementor-widget elementor-widget-heading\" data-id=\"c5f5aa3\" data-element_type=\"widget\" data-e-type=\"widget\" data-widget_type=\"heading.default\">\n\t\t\t\t<div class=\"elementor-widget-container\">\n\t\t\t\t\t<h2 class=\"elementor-heading-title elementor-size-default\"><blockquote style=\"font-family: Helvetica;font-size: 12px;font-weight: normal\"><div dir=\"ltr\">&nbsp;<span class=\"font\" style=\", helvetica, arial, sans-serif\"><span class=\"size\" style=\"font-size: 24px\"><b>Cardiologia Pediatrica: quando fare la prima visita? Quando \u00e8 consigliata in et\u00e0 pediatrica?<\/b><\/span><\/span><\/div><\/blockquote><\/h2>\t\t\t\t<\/div>\n\t\t\t\t<\/div>\n\t\t\t\t<div class=\"elementor-element elementor-element-74fb961e elementor-widget elementor-widget-text-editor\" data-id=\"74fb961e\" data-element_type=\"widget\" data-e-type=\"widget\" data-widget_type=\"text-editor.default\">\n\t\t\t\t<div class=\"elementor-widget-container\">\n\t\t\t\t\t\t\t\t\t<div dir=\"ltr\"><div><span class=\"font\" style=\"font-family: lato, 'helvetica neue', helvetica, arial, sans-serif;\"><span class=\"size\" style=\"font-size: 15px;\">Presso il Polispecialistico Sant&#8217;Anna di Ganna, \u00e8 possibile effettuare la\u00a0<span class=\"Apple-converted-space\">\u00a0<\/span><b>visita di cardiologica in et\u00e0 pediatrica<\/b><span class=\"Apple-converted-space\">\u00a0<\/span>a cura del Dott.<span class=\"Apple-converted-space\">\u00a0<\/span>Boschetti.\u00a0<\/span><\/span><\/div><div>\u00a0<\/div><div><span class=\"font\" style=\"font-family: lato, 'helvetica neue', helvetica, arial, sans-serif;\"><span class=\"size\" style=\"font-size: 15px;\">Generalmente \u00e8 il pediatra di base che, riscontrando un soffio al cuore o una irregolarit\u00e0 del ritmo cardiaco, consiglia una visita cardiologica per escludere eventuali anomalie.<\/span><\/span><\/div><p><span class=\"size\" style=\"font-size: 15px;\"><span class=\"font\" style=\"font-family: lato, 'helvetica neue', helvetica, arial, sans-serif;\"><b>Come si svolge la visita?<span class=\"Apple-converted-space\">\u00a0<\/span><\/b><br \/>Nella prima parte della visita cardiologica vi \u00e8 l&#8217;<span class=\"Apple-converted-space\">\u00a0<\/span><b>esame clinico<\/b><span class=\"Apple-converted-space\">\u00a0<\/span>, a cui segue l&#8217;<span class=\"Apple-converted-space\">\u00a0<\/span><b>auscultazione<\/b><span class=\"Apple-converted-space\">\u00a0<\/span>\u00a0del cuore del bambino, per capire se il soffio possa avere carattere patologico o sia semplicemente &#8216;innocente&#8217;, cio\u00e8 non legato ad alterazioni strutturali e infine viene eseguito l&#8217;<b>elettrocardiogramma,<span class=\"Apple-converted-space\">\u00a0<\/span><\/b>inoltre vi \u00e8 la possibilit\u00e0 di dover fare anche un<b><span class=\"Apple-converted-space\">\u00a0<\/span>eco al cuore.<\/b><\/span><\/span><\/p><\/div>\t\t\t\t\t\t\t\t<\/div>\n\t\t\t\t<\/div>\n\t\t\t\t\t<\/div>\n\t\t<\/div>\n\t\t\t\t\t<\/div>\n\t\t<\/section>\n\t\t\t\t<\/div>\n\t\t","protected":false},"excerpt":{"rendered":"<p>&nbsp;Cardiologia Pediatrica: quando fare la prima visita? Quando \u00e8 consigliata in et\u00e0 pediatrica? Presso il Polispecialistico Sant&#8217;Anna di Ganna, \u00e8 possibile effettuare la\u00a0\u00a0visita di cardiologica in et\u00e0 pediatrica\u00a0a cura del Dott.\u00a0Boschetti.\u00a0\u00a0Generalmente \u00e8 il pediatra di base che, riscontrando un soffio al cuore o una irregolarit\u00e0 del ritmo cardiaco, consiglia una visita cardiologica per escludere eventuali [&hellip;]<\/p>\n","protected":false},"author":1,"featured_media":0,"parent":0,"menu_order":0,"comment_status":"closed","ping_status":"closed","template":"elementor_header_footer","meta":{"_monsterinsights_skip_tracking":false,"_monsterinsights_sitenote_active":false,"_monsterinsights_sitenote_note":"","_monsterinsights_sitenote_category":0,"footnotes":""},"class_list":["post-1072","page","type-page","status-publish","hentry"],"_links":{"self":[{"href":"https:\/\/polispecialisticosantanna.com\/index.php\/wp-json\/wp\/v2\/pages\/1072","targetHints":{"allow":["GET"]}}],"collection":[{"href":"https:\/\/polispecialisticosantanna.com\/index.php\/wp-json\/wp\/v2\/pages"}],"about":[{"href":"https:\/\/polispecialisticosantanna.com\/index.php\/wp-json\/wp\/v2\/types\/page"}],"author":[{"embeddable":true,"href":"https:\/\/polispecialisticosantanna.com\/index.php\/wp-json\/wp\/v2\/users\/1"}],"replies":[{"embeddable":true,"href":"https:\/\/polispecialisticosantanna.com\/index.php\/wp-json\/wp\/v2\/comments?post=1072"}],"version-history":[{"count":7,"href":"https:\/\/polispecialisticosantanna.com\/index.php\/wp-json\/wp\/v2\/pages\/1072\/revisions"}],"predecessor-version":[{"id":1087,"href":"https:\/\/polispecialisticosantanna.com\/index.php\/wp-json\/wp\/v2\/pages\/1072\/revisions\/1087"}],"wp:attachment":[{"href":"https:\/\/polispecialisticosantanna.com\/index.php\/wp-json\/wp\/v2\/media?parent=1072"}],"curies":[{"name":"wp","href":"https:\/\/api.w.org\/{rel}","templated":true}]}}