{"id":1063,"date":"2023-06-09T15:13:28","date_gmt":"2023-06-09T15:13:28","guid":{"rendered":"https:\/\/polispecialisticosantanna.com\/?page_id=1063"},"modified":"2023-06-09T15:35:42","modified_gmt":"2023-06-09T15:35:42","slug":"newsletter-giugno-2","status":"publish","type":"page","link":"https:\/\/polispecialisticosantanna.com\/index.php\/newsletter-giugno-2\/","title":{"rendered":"Newsletter Giugno 2"},"content":{"rendered":"\t\t<div data-elementor-type=\"wp-page\" data-elementor-id=\"1063\" class=\"elementor elementor-1063\" data-elementor-post-type=\"page\">\n\t\t\t\t\t\t<section class=\"elementor-section elementor-top-section elementor-element elementor-element-1f91a40 elementor-section-full_width elementor-section-stretched elementor-section-height-default elementor-section-height-default\" data-id=\"1f91a40\" data-element_type=\"section\" data-e-type=\"section\" data-settings=\"{&quot;background_background&quot;:&quot;classic&quot;,&quot;stretch_section&quot;:&quot;section-stretched&quot;}\">\n\t\t\t\t\t\t<div class=\"elementor-container elementor-column-gap-default\">\n\t\t\t\t\t<div class=\"elementor-column elementor-col-100 elementor-top-column elementor-element elementor-element-37eca38\" data-id=\"37eca38\" data-element_type=\"column\" data-e-type=\"column\">\n\t\t\t<div class=\"elementor-widget-wrap elementor-element-populated\">\n\t\t\t\t\t\t<div class=\"elementor-element elementor-element-47b40f4 elementor-widget elementor-widget-spacer\" data-id=\"47b40f4\" data-element_type=\"widget\" data-e-type=\"widget\" data-widget_type=\"spacer.default\">\n\t\t\t\t<div class=\"elementor-widget-container\">\n\t\t\t\t\t\t\t<div class=\"elementor-spacer\">\n\t\t\t<div class=\"elementor-spacer-inner\"><\/div>\n\t\t<\/div>\n\t\t\t\t\t\t<\/div>\n\t\t\t\t<\/div>\n\t\t\t\t\t<\/div>\n\t\t<\/div>\n\t\t\t\t\t<\/div>\n\t\t<\/section>\n\t\t\t\t<section class=\"elementor-section elementor-top-section elementor-element elementor-element-a590fda elementor-section-content-middle elementor-section-boxed elementor-section-height-default elementor-section-height-default\" data-id=\"a590fda\" data-element_type=\"section\" data-e-type=\"section\">\n\t\t\t\t\t\t<div class=\"elementor-container elementor-column-gap-no\">\n\t\t\t\t\t<div class=\"elementor-column elementor-col-50 elementor-top-column elementor-element elementor-element-4ef45ee3\" data-id=\"4ef45ee3\" data-element_type=\"column\" data-e-type=\"column\">\n\t\t\t<div class=\"elementor-widget-wrap elementor-element-populated\">\n\t\t\t\t\t\t<div class=\"elementor-element elementor-element-269afb04 elementor-widget elementor-widget-image\" data-id=\"269afb04\" data-element_type=\"widget\" data-e-type=\"widget\" data-widget_type=\"image.default\">\n\t\t\t\t<div class=\"elementor-widget-container\">\n\t\t\t\t\t\t\t\t\t\t\t\t\t\t\t<img fetchpriority=\"high\" decoding=\"async\" width=\"748\" height=\"1000\" src=\"https:\/\/polispecialisticosantanna.com\/wp-content\/uploads\/2023\/06\/IMMAGINE-DERMATOLOGIA.png\" class=\"attachment-full size-full wp-image-1059\" alt=\"\" srcset=\"https:\/\/polispecialisticosantanna.com\/wp-content\/uploads\/2023\/06\/IMMAGINE-DERMATOLOGIA.png 748w, https:\/\/polispecialisticosantanna.com\/wp-content\/uploads\/2023\/06\/IMMAGINE-DERMATOLOGIA-224x300.png 224w\" sizes=\"(max-width: 748px) 100vw, 748px\" \/>\t\t\t\t\t\t\t\t\t\t\t\t\t\t\t<\/div>\n\t\t\t\t<\/div>\n\t\t\t\t\t<\/div>\n\t\t<\/div>\n\t\t\t\t<div class=\"elementor-column elementor-col-50 elementor-top-column elementor-element elementor-element-2a564f67\" data-id=\"2a564f67\" data-element_type=\"column\" data-e-type=\"column\">\n\t\t\t<div class=\"elementor-widget-wrap elementor-element-populated\">\n\t\t\t\t\t\t<div class=\"elementor-element elementor-element-c5f5aa3 elementor-widget elementor-widget-heading\" data-id=\"c5f5aa3\" data-element_type=\"widget\" data-e-type=\"widget\" data-widget_type=\"heading.default\">\n\t\t\t\t<div class=\"elementor-widget-container\">\n\t\t\t\t\t<h2 class=\"elementor-heading-title elementor-size-default\">Perch\u00e9 fare il controllo dei nei prima di andare al mare? Quale solare \u00e8 consigliato per il mio tipo di pelle?<\/h2>\t\t\t\t<\/div>\n\t\t\t\t<\/div>\n\t\t\t\t<div class=\"elementor-element elementor-element-74fb961e elementor-widget elementor-widget-text-editor\" data-id=\"74fb961e\" data-element_type=\"widget\" data-e-type=\"widget\" data-widget_type=\"text-editor.default\">\n\t\t\t\t<div class=\"elementor-widget-container\">\n\t\t\t\t\t\t\t\t\t<div dir=\"ltr\"><div><span class=\"size\"><span class=\"font\">Il controllo dei nei andrebbe fatto periodicamente. Sicuramente per\u00f2 il <b>momento migliore per fare il controllo dei nei<\/b>\u00a0\u00e8 proprio il momento\u00a0<b>prima di andare al mare<\/b>.<br \/>Questo perch\u00e9, a seguito dell\u2019esposizione solare e della conseguente abbronzatura, i nei mostrano all\u2019<b>esame dermatoscopico<\/b> dei segni di foto attivazione che potrebbero falsare l\u2019esame strumentale e dare delle risposte non veritiere.<br \/><br \/>Presso il Polispecialistico Sant&#8217;Anna potrai scoprire insieme al Dott. Caravello anche la<b> giusta protezione solare\u00a0<\/b>in base al tuo fototipo e avere indicazioni su\u00a0<b>quali nei tenere maggiormente sotto controllo<\/b>\u00a0nei mesi dell\u2019esposizione solare.<\/span><\/span><\/div><\/div>\t\t\t\t\t\t\t\t<\/div>\n\t\t\t\t<\/div>\n\t\t\t\t\t<\/div>\n\t\t<\/div>\n\t\t\t\t\t<\/div>\n\t\t<\/section>\n\t\t\t\t<\/div>\n\t\t","protected":false},"excerpt":{"rendered":"<p>Perch\u00e9 fare il controllo dei nei prima di andare al mare? Quale solare \u00e8 consigliato per il mio tipo di pelle? Il controllo dei nei andrebbe fatto periodicamente. Sicuramente per\u00f2 il momento migliore per fare il controllo dei nei\u00a0\u00e8 proprio il momento\u00a0prima di andare al mare.Questo perch\u00e9, a seguito dell\u2019esposizione solare e della conseguente abbronzatura, [&hellip;]<\/p>\n","protected":false},"author":1,"featured_media":0,"parent":0,"menu_order":0,"comment_status":"closed","ping_status":"closed","template":"elementor_header_footer","meta":{"_monsterinsights_skip_tracking":false,"_monsterinsights_sitenote_active":false,"_monsterinsights_sitenote_note":"","_monsterinsights_sitenote_category":0,"footnotes":""},"class_list":["post-1063","page","type-page","status-publish","hentry"],"_links":{"self":[{"href":"https:\/\/polispecialisticosantanna.com\/index.php\/wp-json\/wp\/v2\/pages\/1063","targetHints":{"allow":["GET"]}}],"collection":[{"href":"https:\/\/polispecialisticosantanna.com\/index.php\/wp-json\/wp\/v2\/pages"}],"about":[{"href":"https:\/\/polispecialisticosantanna.com\/index.php\/wp-json\/wp\/v2\/types\/page"}],"author":[{"embeddable":true,"href":"https:\/\/polispecialisticosantanna.com\/index.php\/wp-json\/wp\/v2\/users\/1"}],"replies":[{"embeddable":true,"href":"https:\/\/polispecialisticosantanna.com\/index.php\/wp-json\/wp\/v2\/comments?post=1063"}],"version-history":[{"count":7,"href":"https:\/\/polispecialisticosantanna.com\/index.php\/wp-json\/wp\/v2\/pages\/1063\/revisions"}],"predecessor-version":[{"id":1084,"href":"https:\/\/polispecialisticosantanna.com\/index.php\/wp-json\/wp\/v2\/pages\/1063\/revisions\/1084"}],"wp:attachment":[{"href":"https:\/\/polispecialisticosantanna.com\/index.php\/wp-json\/wp\/v2\/media?parent=1063"}],"curies":[{"name":"wp","href":"https:\/\/api.w.org\/{rel}","templated":true}]}}